{"id":1759,"date":"2025-09-13T13:24:37","date_gmt":"2025-09-13T13:24:37","guid":{"rendered":"https:\/\/slotsbyenskunst.dk\/?page_id=1759"},"modified":"2025-09-13T23:09:54","modified_gmt":"2025-09-13T23:09:54","slug":"kontakt","status":"publish","type":"page","link":"https:\/\/slotsbyenskunst.dk\/index.php\/kontakt\/","title":{"rendered":"Kontakt"},"content":{"rendered":"\n<p style=\"font-size:24px\">Har du sp\u00f8rgsm\u00e5l, vil du h\u00f8re mere om foreningen eller \u00f8nsker du at samarbejde med os? <\/p>\n\n\n\n<p style=\"font-size:24px\">Kontakt info: Slotsbyens Kunstforening, Helsing\u00f8rsgade 29, 3400 Hiller\u00f8d<\/p>\n\n\n\n<p style=\"font-size:24px\">E-mail: <a href=\"mailto:info@slotsbyenskunst.dk\">info@slotsbyenskunst.dk<\/a><\/p>\n\n\n\n<p style=\"font-size:24px\">Lene Kure Larsen (formand) 2396 4827<\/p>\n\n\n\n<p style=\"font-size:24px\">Lise-Lotte Eilgaard (n\u00e6stformand) 2166 4191<\/p>\n\n\n\n<p style=\"font-size:24px\">Kaya Bornak (bestyrelsesmedlem) 6136 2768<\/p>\n\n\n\n<p><\/p>\n","protected":false},"excerpt":{"rendered":"<p>Har du sp\u00f8rgsm\u00e5l, vil du h\u00f8re mere om foreningen eller \u00f8nsker du at samarbejde med os? Kontakt info: Slotsbyens Kunstforening, Helsing\u00f8rsgade 29, 3400 Hiller\u00f8d E-mail: info@slotsbyenskunst.dk Lene Kure Larsen (formand) [&hellip;]<\/p>\n","protected":false},"author":1,"featured_media":0,"parent":0,"menu_order":0,"comment_status":"closed","ping_status":"closed","template":"","meta":{"_price":"","_stock":"","_tribe_ticket_header":"","_tribe_default_ticket_provider":"","_tribe_ticket_capacity":"0","_ticket_start_date":"","_ticket_end_date":"","_tribe_ticket_show_description":"","_tribe_ticket_show_not_going":false,"_tribe_ticket_use_global_stock":"","_tribe_ticket_global_stock_level":"","_global_stock_mode":"","_global_stock_cap":"","_tribe_rsvp_for_event":"","_tribe_ticket_going_count":"","_tribe_ticket_not_going_count":"","_tribe_tickets_list":"[]","_tribe_ticket_has_attendee_info_fields":false,"footnotes":"","_tec_slr_enabled":"","_tec_slr_layout":""},"class_list":["post-1759","page","type-page","status-publish","hentry"],"yoast_head":"<!-- This site is optimized with the Yoast SEO plugin v25.9 - https:\/\/yoast.com\/wordpress\/plugins\/seo\/ -->\n<title>Kontakt - Slotsbyens Kunstforening<\/title>\n<meta name=\"robots\" content=\"index, follow, max-snippet:-1, max-image-preview:large, max-video-preview:-1\" \/>\n<link rel=\"canonical\" href=\"https:\/\/slotsbyenskunst.dk\/index.php\/kontakt\/\" \/>\n<meta property=\"og:locale\" content=\"da_DK\" \/>\n<meta property=\"og:type\" content=\"article\" \/>\n<meta property=\"og:title\" content=\"Kontakt - Slotsbyens Kunstforening\" \/>\n<meta property=\"og:description\" content=\"Har du sp\u00f8rgsm\u00e5l, vil du h\u00f8re mere om foreningen eller \u00f8nsker du at samarbejde med os? Kontakt info: Slotsbyens Kunstforening, Helsing\u00f8rsgade 29, 3400 Hiller\u00f8d E-mail: info@slotsbyenskunst.dk Lene Kure Larsen (formand) [&hellip;]\" \/>\n<meta property=\"og:url\" content=\"https:\/\/slotsbyenskunst.dk\/index.php\/kontakt\/\" \/>\n<meta property=\"og:site_name\" content=\"Slotsbyens Kunstforening\" \/>\n<meta property=\"article:modified_time\" content=\"2025-09-13T23:09:54+00:00\" \/>\n<meta name=\"twitter:card\" content=\"summary_large_image\" \/>\n<script type=\"application\/ld+json\" class=\"yoast-schema-graph\">{\"@context\":\"https:\/\/schema.org\",\"@graph\":[{\"@type\":\"WebPage\",\"@id\":\"https:\/\/slotsbyenskunst.dk\/index.php\/kontakt\/\",\"url\":\"https:\/\/slotsbyenskunst.dk\/index.php\/kontakt\/\",\"name\":\"Kontakt - Slotsbyens Kunstforening\",\"isPartOf\":{\"@id\":\"http:\/\/slotsbyenskunst.dk\/#website\"},\"datePublished\":\"2025-09-13T13:24:37+00:00\",\"dateModified\":\"2025-09-13T23:09:54+00:00\",\"breadcrumb\":{\"@id\":\"https:\/\/slotsbyenskunst.dk\/index.php\/kontakt\/#breadcrumb\"},\"inLanguage\":\"da-DK\",\"potentialAction\":[{\"@type\":\"ReadAction\",\"target\":[\"https:\/\/slotsbyenskunst.dk\/index.php\/kontakt\/\"]}]},{\"@type\":\"BreadcrumbList\",\"@id\":\"https:\/\/slotsbyenskunst.dk\/index.php\/kontakt\/#breadcrumb\",\"itemListElement\":[{\"@type\":\"ListItem\",\"position\":1,\"name\":\"Hjem\",\"item\":\"http:\/\/slotsbyenskunst.dk\/\"},{\"@type\":\"ListItem\",\"position\":2,\"name\":\"Kontakt\"}]},{\"@type\":\"WebSite\",\"@id\":\"http:\/\/slotsbyenskunst.dk\/#website\",\"url\":\"http:\/\/slotsbyenskunst.dk\/\",\"name\":\"Slotsbyens Kunstforening\",\"description\":\"Kunst og f\u00e6llesskab i hjertet af Hiller\u00f8d\",\"publisher\":{\"@id\":\"http:\/\/slotsbyenskunst.dk\/#organization\"},\"potentialAction\":[{\"@type\":\"SearchAction\",\"target\":{\"@type\":\"EntryPoint\",\"urlTemplate\":\"http:\/\/slotsbyenskunst.dk\/?s={search_term_string}\"},\"query-input\":{\"@type\":\"PropertyValueSpecification\",\"valueRequired\":true,\"valueName\":\"search_term_string\"}}],\"inLanguage\":\"da-DK\"},{\"@type\":\"Organization\",\"@id\":\"http:\/\/slotsbyenskunst.dk\/#organization\",\"name\":\"Slotsbyens Kunstforening\",\"url\":\"http:\/\/slotsbyenskunst.dk\/\",\"logo\":{\"@type\":\"ImageObject\",\"inLanguage\":\"da-DK\",\"@id\":\"http:\/\/slotsbyenskunst.dk\/#\/schema\/logo\/image\/\",\"url\":\"https:\/\/slotsbyenskunst.dk\/wp-content\/uploads\/2025\/09\/cropped-logo200.jpg\",\"contentUrl\":\"https:\/\/slotsbyenskunst.dk\/wp-content\/uploads\/2025\/09\/cropped-logo200.jpg\",\"width\":199,\"height\":268,\"caption\":\"Slotsbyens Kunstforening\"},\"image\":{\"@id\":\"http:\/\/slotsbyenskunst.dk\/#\/schema\/logo\/image\/\"}}]}<\/script>\n<!-- \/ Yoast SEO plugin. -->","yoast_head_json":{"title":"Kontakt - Slotsbyens Kunstforening","robots":{"index":"index","follow":"follow","max-snippet":"max-snippet:-1","max-image-preview":"max-image-preview:large","max-video-preview":"max-video-preview:-1"},"canonical":"https:\/\/slotsbyenskunst.dk\/index.php\/kontakt\/","og_locale":"da_DK","og_type":"article","og_title":"Kontakt - Slotsbyens Kunstforening","og_description":"Har du sp\u00f8rgsm\u00e5l, vil du h\u00f8re mere om foreningen eller \u00f8nsker du at samarbejde med os? Kontakt info: Slotsbyens Kunstforening, Helsing\u00f8rsgade 29, 3400 Hiller\u00f8d E-mail: info@slotsbyenskunst.dk Lene Kure Larsen (formand) [&hellip;]","og_url":"https:\/\/slotsbyenskunst.dk\/index.php\/kontakt\/","og_site_name":"Slotsbyens Kunstforening","article_modified_time":"2025-09-13T23:09:54+00:00","twitter_card":"summary_large_image","schema":{"@context":"https:\/\/schema.org","@graph":[{"@type":"WebPage","@id":"https:\/\/slotsbyenskunst.dk\/index.php\/kontakt\/","url":"https:\/\/slotsbyenskunst.dk\/index.php\/kontakt\/","name":"Kontakt - Slotsbyens Kunstforening","isPartOf":{"@id":"http:\/\/slotsbyenskunst.dk\/#website"},"datePublished":"2025-09-13T13:24:37+00:00","dateModified":"2025-09-13T23:09:54+00:00","breadcrumb":{"@id":"https:\/\/slotsbyenskunst.dk\/index.php\/kontakt\/#breadcrumb"},"inLanguage":"da-DK","potentialAction":[{"@type":"ReadAction","target":["https:\/\/slotsbyenskunst.dk\/index.php\/kontakt\/"]}]},{"@type":"BreadcrumbList","@id":"https:\/\/slotsbyenskunst.dk\/index.php\/kontakt\/#breadcrumb","itemListElement":[{"@type":"ListItem","position":1,"name":"Hjem","item":"http:\/\/slotsbyenskunst.dk\/"},{"@type":"ListItem","position":2,"name":"Kontakt"}]},{"@type":"WebSite","@id":"http:\/\/slotsbyenskunst.dk\/#website","url":"http:\/\/slotsbyenskunst.dk\/","name":"Slotsbyens Kunstforening","description":"Kunst og f\u00e6llesskab i hjertet af Hiller\u00f8d","publisher":{"@id":"http:\/\/slotsbyenskunst.dk\/#organization"},"potentialAction":[{"@type":"SearchAction","target":{"@type":"EntryPoint","urlTemplate":"http:\/\/slotsbyenskunst.dk\/?s={search_term_string}"},"query-input":{"@type":"PropertyValueSpecification","valueRequired":true,"valueName":"search_term_string"}}],"inLanguage":"da-DK"},{"@type":"Organization","@id":"http:\/\/slotsbyenskunst.dk\/#organization","name":"Slotsbyens Kunstforening","url":"http:\/\/slotsbyenskunst.dk\/","logo":{"@type":"ImageObject","inLanguage":"da-DK","@id":"http:\/\/slotsbyenskunst.dk\/#\/schema\/logo\/image\/","url":"https:\/\/slotsbyenskunst.dk\/wp-content\/uploads\/2025\/09\/cropped-logo200.jpg","contentUrl":"https:\/\/slotsbyenskunst.dk\/wp-content\/uploads\/2025\/09\/cropped-logo200.jpg","width":199,"height":268,"caption":"Slotsbyens Kunstforening"},"image":{"@id":"http:\/\/slotsbyenskunst.dk\/#\/schema\/logo\/image\/"}}]}},"featured_image_src":"","featured_image_src_square":false,"rbea_author_info":{"display_name":"admin","author_link":"https:\/\/slotsbyenskunst.dk\/index.php\/author\/admin\/"},"rbea_excerpt_info":"Har du sp\u00f8rgsm\u00e5l, vil du h\u00f8re mere om foreningen eller \u00f8nsker du at samarbejde med os? Kontakt info: Slotsbyens Kunstforening, Helsing\u00f8rsgade 29, 3400 Hiller\u00f8d E-mail: info@slotsbyenskunst.dk Lene Kure Larsen (formand) [&hellip;]","ticketed":false,"_links":{"self":[{"href":"https:\/\/slotsbyenskunst.dk\/index.php\/wp-json\/wp\/v2\/pages\/1759","targetHints":{"allow":["GET"]}}],"collection":[{"href":"https:\/\/slotsbyenskunst.dk\/index.php\/wp-json\/wp\/v2\/pages"}],"about":[{"href":"https:\/\/slotsbyenskunst.dk\/index.php\/wp-json\/wp\/v2\/types\/page"}],"author":[{"embeddable":true,"href":"https:\/\/slotsbyenskunst.dk\/index.php\/wp-json\/wp\/v2\/users\/1"}],"replies":[{"embeddable":true,"href":"https:\/\/slotsbyenskunst.dk\/index.php\/wp-json\/wp\/v2\/comments?post=1759"}],"version-history":[{"count":4,"href":"https:\/\/slotsbyenskunst.dk\/index.php\/wp-json\/wp\/v2\/pages\/1759\/revisions"}],"predecessor-version":[{"id":1955,"href":"https:\/\/slotsbyenskunst.dk\/index.php\/wp-json\/wp\/v2\/pages\/1759\/revisions\/1955"}],"wp:attachment":[{"href":"https:\/\/slotsbyenskunst.dk\/index.php\/wp-json\/wp\/v2\/media?parent=1759"}],"curies":[{"name":"wp","href":"https:\/\/api.w.org\/{rel}","templated":true}]}}