{"id":1763,"date":"2025-09-13T13:25:18","date_gmt":"2025-09-13T13:25:18","guid":{"rendered":"https:\/\/slotsbyenskunst.dk\/?page_id=1763"},"modified":"2025-09-13T19:49:59","modified_gmt":"2025-09-13T19:49:59","slug":"om","status":"publish","type":"page","link":"https:\/\/slotsbyenskunst.dk\/index.php\/om\/","title":{"rendered":"Om"},"content":{"rendered":"\n<p style=\"font-size:24px\">Slotsbyens Kunstforening er stiftet af lokale kunstnere og ildsj\u00e6le i Hiller\u00f8d i 2025. Foreningen holder til i Gallery ArtTour p\u00e5 Helsing\u00f8rsgade 29 og arbejder for at udbrede interessen for billedkunst og skabe rammer, hvor kunst og mennesker m\u00f8des. Vi arrangerer udstillinger, kunstudlodninger og events, der styrker f\u00e6llesskabet omkring kunsten \u2013 b\u00e5de i byen og for vores medlemmer.<\/p>\n\n\n\n<figure class=\"wp-block-gallery has-nested-images columns-default is-cropped wp-block-gallery-1 is-layout-flex wp-block-gallery-is-layout-flex\">\n<figure class=\"wp-block-image size-large\"><img loading=\"lazy\" decoding=\"async\" width=\"300\" height=\"300\" data-id=\"1897\" src=\"https:\/\/slotsbyenskunst.dk\/wp-content\/uploads\/2025\/09\/logo300.jpg\" alt=\"\" class=\"wp-image-1897\" srcset=\"https:\/\/slotsbyenskunst.dk\/wp-content\/uploads\/2025\/09\/logo300.jpg 300w, https:\/\/slotsbyenskunst.dk\/wp-content\/uploads\/2025\/09\/logo300-150x150.jpg 150w\" sizes=\"auto, (max-width: 300px) 100vw, 300px\" \/><\/figure>\n\n\n\n<figure class=\"wp-block-image size-large\"><img loading=\"lazy\" decoding=\"async\" width=\"333\" height=\"300\" data-id=\"1818\" src=\"https:\/\/slotsbyenskunst.dk\/wp-content\/uploads\/2025\/09\/lene-kure300.jpg\" alt=\"\" class=\"wp-image-1818\" srcset=\"https:\/\/slotsbyenskunst.dk\/wp-content\/uploads\/2025\/09\/lene-kure300.jpg 333w, https:\/\/slotsbyenskunst.dk\/wp-content\/uploads\/2025\/09\/lene-kure300-300x270.jpg 300w\" sizes=\"auto, (max-width: 333px) 100vw, 333px\" \/><\/figure>\n\n\n\n<figure class=\"wp-block-image size-large\"><img loading=\"lazy\" decoding=\"async\" width=\"379\" height=\"300\" data-id=\"1816\" src=\"https:\/\/slotsbyenskunst.dk\/wp-content\/uploads\/2025\/09\/Helle-sneum2-300.jpg\" alt=\"\" class=\"wp-image-1816\" srcset=\"https:\/\/slotsbyenskunst.dk\/wp-content\/uploads\/2025\/09\/Helle-sneum2-300.jpg 379w, https:\/\/slotsbyenskunst.dk\/wp-content\/uploads\/2025\/09\/Helle-sneum2-300-300x237.jpg 300w\" sizes=\"auto, (max-width: 379px) 100vw, 379px\" \/><\/figure>\n\n\n\n<figure class=\"wp-block-image size-large\"><img loading=\"lazy\" decoding=\"async\" width=\"330\" height=\"300\" data-id=\"1815\" src=\"https:\/\/slotsbyenskunst.dk\/wp-content\/uploads\/2025\/09\/AnneMarie300.jpg\" alt=\"\" class=\"wp-image-1815\" srcset=\"https:\/\/slotsbyenskunst.dk\/wp-content\/uploads\/2025\/09\/AnneMarie300.jpg 330w, https:\/\/slotsbyenskunst.dk\/wp-content\/uploads\/2025\/09\/AnneMarie300-300x273.jpg 300w\" sizes=\"auto, (max-width: 330px) 100vw, 330px\" \/><\/figure>\n\n\n\n<figure class=\"wp-block-image size-large\"><img loading=\"lazy\" decoding=\"async\" width=\"601\" height=\"300\" data-id=\"1823\" src=\"https:\/\/slotsbyenskunst.dk\/wp-content\/uploads\/2025\/09\/Misha300.jpg\" alt=\"\" class=\"wp-image-1823\" srcset=\"https:\/\/slotsbyenskunst.dk\/wp-content\/uploads\/2025\/09\/Misha300.jpg 601w, https:\/\/slotsbyenskunst.dk\/wp-content\/uploads\/2025\/09\/Misha300-300x150.jpg 300w\" sizes=\"auto, (max-width: 601px) 100vw, 601px\" \/><\/figure>\n\n\n\n<figure class=\"wp-block-image size-large\"><img loading=\"lazy\" decoding=\"async\" width=\"400\" height=\"300\" data-id=\"1825\" src=\"https:\/\/slotsbyenskunst.dk\/wp-content\/uploads\/2025\/09\/vindue300.jpg\" alt=\"\" class=\"wp-image-1825\" srcset=\"https:\/\/slotsbyenskunst.dk\/wp-content\/uploads\/2025\/09\/vindue300.jpg 400w, https:\/\/slotsbyenskunst.dk\/wp-content\/uploads\/2025\/09\/vindue300-300x225.jpg 300w\" sizes=\"auto, (max-width: 400px) 100vw, 400px\" \/><\/figure>\n\n\n\n<figure class=\"wp-block-image size-large\"><img loading=\"lazy\" decoding=\"async\" width=\"304\" height=\"300\" data-id=\"1827\" src=\"https:\/\/slotsbyenskunst.dk\/wp-content\/uploads\/2025\/09\/yngvil300.jpg\" alt=\"\" class=\"wp-image-1827\" srcset=\"https:\/\/slotsbyenskunst.dk\/wp-content\/uploads\/2025\/09\/yngvil300.jpg 304w, https:\/\/slotsbyenskunst.dk\/wp-content\/uploads\/2025\/09\/yngvil300-300x296.jpg 300w\" sizes=\"auto, (max-width: 304px) 100vw, 304px\" \/><\/figure>\n\n\n\n<figure class=\"wp-block-image size-large\"><img loading=\"lazy\" decoding=\"async\" width=\"337\" height=\"300\" data-id=\"1817\" src=\"https:\/\/slotsbyenskunst.dk\/wp-content\/uploads\/2025\/09\/kaya-Bornak300.jpg\" alt=\"\" class=\"wp-image-1817\" srcset=\"https:\/\/slotsbyenskunst.dk\/wp-content\/uploads\/2025\/09\/kaya-Bornak300.jpg 337w, https:\/\/slotsbyenskunst.dk\/wp-content\/uploads\/2025\/09\/kaya-Bornak300-300x267.jpg 300w\" sizes=\"auto, (max-width: 337px) 100vw, 337px\" \/><\/figure>\n\n\n\n<figure class=\"wp-block-image size-large\"><img loading=\"lazy\" decoding=\"async\" width=\"303\" height=\"300\" data-id=\"1826\" src=\"https:\/\/slotsbyenskunst.dk\/wp-content\/uploads\/2025\/09\/yngvil2-300.jpg\" alt=\"\" class=\"wp-image-1826\" srcset=\"https:\/\/slotsbyenskunst.dk\/wp-content\/uploads\/2025\/09\/yngvil2-300.jpg 303w, https:\/\/slotsbyenskunst.dk\/wp-content\/uploads\/2025\/09\/yngvil2-300-300x297.jpg 300w, https:\/\/slotsbyenskunst.dk\/wp-content\/uploads\/2025\/09\/yngvil2-300-150x150.jpg 150w\" sizes=\"auto, (max-width: 303px) 100vw, 303px\" \/><\/figure>\n<\/figure>\n","protected":false},"excerpt":{"rendered":"<p>Slotsbyens Kunstforening er stiftet af lokale kunstnere og ildsj\u00e6le i Hiller\u00f8d i 2025. Foreningen holder til i Gallery ArtTour p\u00e5 Helsing\u00f8rsgade 29 og arbejder for at udbrede interessen for billedkunst [&hellip;]<\/p>\n","protected":false},"author":1,"featured_media":0,"parent":0,"menu_order":0,"comment_status":"closed","ping_status":"closed","template":"","meta":{"_price":"","_stock":"","_tribe_ticket_header":"","_tribe_default_ticket_provider":"","_tribe_ticket_capacity":"0","_ticket_start_date":"","_ticket_end_date":"","_tribe_ticket_show_description":"","_tribe_ticket_show_not_going":false,"_tribe_ticket_use_global_stock":"","_tribe_ticket_global_stock_level":"","_global_stock_mode":"","_global_stock_cap":"","_tribe_rsvp_for_event":"","_tribe_ticket_going_count":"","_tribe_ticket_not_going_count":"","_tribe_tickets_list":"[]","_tribe_ticket_has_attendee_info_fields":false,"footnotes":"","_tec_slr_enabled":"","_tec_slr_layout":""},"class_list":["post-1763","page","type-page","status-publish","hentry"],"yoast_head":"<!-- This site is optimized with the Yoast SEO plugin v25.9 - https:\/\/yoast.com\/wordpress\/plugins\/seo\/ -->\n<title>Om - Slotsbyens Kunstforening<\/title>\n<meta name=\"robots\" content=\"index, follow, max-snippet:-1, max-image-preview:large, max-video-preview:-1\" \/>\n<link rel=\"canonical\" href=\"https:\/\/slotsbyenskunst.dk\/index.php\/om\/\" \/>\n<meta property=\"og:locale\" content=\"da_DK\" \/>\n<meta property=\"og:type\" content=\"article\" \/>\n<meta property=\"og:title\" content=\"Om - Slotsbyens Kunstforening\" \/>\n<meta property=\"og:description\" content=\"Slotsbyens Kunstforening er stiftet af lokale kunstnere og ildsj\u00e6le i Hiller\u00f8d i 2025. Foreningen holder til i Gallery ArtTour p\u00e5 Helsing\u00f8rsgade 29 og arbejder for at udbrede interessen for billedkunst [&hellip;]\" \/>\n<meta property=\"og:url\" content=\"https:\/\/slotsbyenskunst.dk\/index.php\/om\/\" \/>\n<meta property=\"og:site_name\" content=\"Slotsbyens Kunstforening\" \/>\n<meta property=\"article:modified_time\" content=\"2025-09-13T19:49:59+00:00\" \/>\n<meta property=\"og:image\" content=\"https:\/\/slotsbyenskunst.dk\/wp-content\/uploads\/2025\/09\/logo300.jpg\" \/>\n<meta name=\"twitter:card\" content=\"summary_large_image\" \/>\n<script type=\"application\/ld+json\" class=\"yoast-schema-graph\">{\"@context\":\"https:\/\/schema.org\",\"@graph\":[{\"@type\":\"WebPage\",\"@id\":\"https:\/\/slotsbyenskunst.dk\/index.php\/om\/\",\"url\":\"https:\/\/slotsbyenskunst.dk\/index.php\/om\/\",\"name\":\"Om - Slotsbyens Kunstforening\",\"isPartOf\":{\"@id\":\"http:\/\/slotsbyenskunst.dk\/#website\"},\"primaryImageOfPage\":{\"@id\":\"https:\/\/slotsbyenskunst.dk\/index.php\/om\/#primaryimage\"},\"image\":{\"@id\":\"https:\/\/slotsbyenskunst.dk\/index.php\/om\/#primaryimage\"},\"thumbnailUrl\":\"https:\/\/slotsbyenskunst.dk\/wp-content\/uploads\/2025\/09\/logo300.jpg\",\"datePublished\":\"2025-09-13T13:25:18+00:00\",\"dateModified\":\"2025-09-13T19:49:59+00:00\",\"breadcrumb\":{\"@id\":\"https:\/\/slotsbyenskunst.dk\/index.php\/om\/#breadcrumb\"},\"inLanguage\":\"da-DK\",\"potentialAction\":[{\"@type\":\"ReadAction\",\"target\":[\"https:\/\/slotsbyenskunst.dk\/index.php\/om\/\"]}]},{\"@type\":\"ImageObject\",\"inLanguage\":\"da-DK\",\"@id\":\"https:\/\/slotsbyenskunst.dk\/index.php\/om\/#primaryimage\",\"url\":\"https:\/\/slotsbyenskunst.dk\/wp-content\/uploads\/2025\/09\/logo300.jpg\",\"contentUrl\":\"https:\/\/slotsbyenskunst.dk\/wp-content\/uploads\/2025\/09\/logo300.jpg\",\"width\":300,\"height\":300},{\"@type\":\"BreadcrumbList\",\"@id\":\"https:\/\/slotsbyenskunst.dk\/index.php\/om\/#breadcrumb\",\"itemListElement\":[{\"@type\":\"ListItem\",\"position\":1,\"name\":\"Hjem\",\"item\":\"http:\/\/slotsbyenskunst.dk\/\"},{\"@type\":\"ListItem\",\"position\":2,\"name\":\"Om\"}]},{\"@type\":\"WebSite\",\"@id\":\"http:\/\/slotsbyenskunst.dk\/#website\",\"url\":\"http:\/\/slotsbyenskunst.dk\/\",\"name\":\"Slotsbyens Kunstforening\",\"description\":\"Kunst og f\u00e6llesskab i hjertet af Hiller\u00f8d\",\"publisher\":{\"@id\":\"http:\/\/slotsbyenskunst.dk\/#organization\"},\"potentialAction\":[{\"@type\":\"SearchAction\",\"target\":{\"@type\":\"EntryPoint\",\"urlTemplate\":\"http:\/\/slotsbyenskunst.dk\/?s={search_term_string}\"},\"query-input\":{\"@type\":\"PropertyValueSpecification\",\"valueRequired\":true,\"valueName\":\"search_term_string\"}}],\"inLanguage\":\"da-DK\"},{\"@type\":\"Organization\",\"@id\":\"http:\/\/slotsbyenskunst.dk\/#organization\",\"name\":\"Slotsbyens Kunstforening\",\"url\":\"http:\/\/slotsbyenskunst.dk\/\",\"logo\":{\"@type\":\"ImageObject\",\"inLanguage\":\"da-DK\",\"@id\":\"http:\/\/slotsbyenskunst.dk\/#\/schema\/logo\/image\/\",\"url\":\"https:\/\/slotsbyenskunst.dk\/wp-content\/uploads\/2025\/09\/cropped-logo200.jpg\",\"contentUrl\":\"https:\/\/slotsbyenskunst.dk\/wp-content\/uploads\/2025\/09\/cropped-logo200.jpg\",\"width\":199,\"height\":268,\"caption\":\"Slotsbyens Kunstforening\"},\"image\":{\"@id\":\"http:\/\/slotsbyenskunst.dk\/#\/schema\/logo\/image\/\"}}]}<\/script>\n<!-- \/ Yoast SEO plugin. -->","yoast_head_json":{"title":"Om - Slotsbyens Kunstforening","robots":{"index":"index","follow":"follow","max-snippet":"max-snippet:-1","max-image-preview":"max-image-preview:large","max-video-preview":"max-video-preview:-1"},"canonical":"https:\/\/slotsbyenskunst.dk\/index.php\/om\/","og_locale":"da_DK","og_type":"article","og_title":"Om - Slotsbyens Kunstforening","og_description":"Slotsbyens Kunstforening er stiftet af lokale kunstnere og ildsj\u00e6le i Hiller\u00f8d i 2025. Foreningen holder til i Gallery ArtTour p\u00e5 Helsing\u00f8rsgade 29 og arbejder for at udbrede interessen for billedkunst [&hellip;]","og_url":"https:\/\/slotsbyenskunst.dk\/index.php\/om\/","og_site_name":"Slotsbyens Kunstforening","article_modified_time":"2025-09-13T19:49:59+00:00","og_image":[{"url":"https:\/\/slotsbyenskunst.dk\/wp-content\/uploads\/2025\/09\/logo300.jpg","type":"","width":"","height":""}],"twitter_card":"summary_large_image","schema":{"@context":"https:\/\/schema.org","@graph":[{"@type":"WebPage","@id":"https:\/\/slotsbyenskunst.dk\/index.php\/om\/","url":"https:\/\/slotsbyenskunst.dk\/index.php\/om\/","name":"Om - Slotsbyens Kunstforening","isPartOf":{"@id":"http:\/\/slotsbyenskunst.dk\/#website"},"primaryImageOfPage":{"@id":"https:\/\/slotsbyenskunst.dk\/index.php\/om\/#primaryimage"},"image":{"@id":"https:\/\/slotsbyenskunst.dk\/index.php\/om\/#primaryimage"},"thumbnailUrl":"https:\/\/slotsbyenskunst.dk\/wp-content\/uploads\/2025\/09\/logo300.jpg","datePublished":"2025-09-13T13:25:18+00:00","dateModified":"2025-09-13T19:49:59+00:00","breadcrumb":{"@id":"https:\/\/slotsbyenskunst.dk\/index.php\/om\/#breadcrumb"},"inLanguage":"da-DK","potentialAction":[{"@type":"ReadAction","target":["https:\/\/slotsbyenskunst.dk\/index.php\/om\/"]}]},{"@type":"ImageObject","inLanguage":"da-DK","@id":"https:\/\/slotsbyenskunst.dk\/index.php\/om\/#primaryimage","url":"https:\/\/slotsbyenskunst.dk\/wp-content\/uploads\/2025\/09\/logo300.jpg","contentUrl":"https:\/\/slotsbyenskunst.dk\/wp-content\/uploads\/2025\/09\/logo300.jpg","width":300,"height":300},{"@type":"BreadcrumbList","@id":"https:\/\/slotsbyenskunst.dk\/index.php\/om\/#breadcrumb","itemListElement":[{"@type":"ListItem","position":1,"name":"Hjem","item":"http:\/\/slotsbyenskunst.dk\/"},{"@type":"ListItem","position":2,"name":"Om"}]},{"@type":"WebSite","@id":"http:\/\/slotsbyenskunst.dk\/#website","url":"http:\/\/slotsbyenskunst.dk\/","name":"Slotsbyens Kunstforening","description":"Kunst og f\u00e6llesskab i hjertet af Hiller\u00f8d","publisher":{"@id":"http:\/\/slotsbyenskunst.dk\/#organization"},"potentialAction":[{"@type":"SearchAction","target":{"@type":"EntryPoint","urlTemplate":"http:\/\/slotsbyenskunst.dk\/?s={search_term_string}"},"query-input":{"@type":"PropertyValueSpecification","valueRequired":true,"valueName":"search_term_string"}}],"inLanguage":"da-DK"},{"@type":"Organization","@id":"http:\/\/slotsbyenskunst.dk\/#organization","name":"Slotsbyens Kunstforening","url":"http:\/\/slotsbyenskunst.dk\/","logo":{"@type":"ImageObject","inLanguage":"da-DK","@id":"http:\/\/slotsbyenskunst.dk\/#\/schema\/logo\/image\/","url":"https:\/\/slotsbyenskunst.dk\/wp-content\/uploads\/2025\/09\/cropped-logo200.jpg","contentUrl":"https:\/\/slotsbyenskunst.dk\/wp-content\/uploads\/2025\/09\/cropped-logo200.jpg","width":199,"height":268,"caption":"Slotsbyens Kunstforening"},"image":{"@id":"http:\/\/slotsbyenskunst.dk\/#\/schema\/logo\/image\/"}}]}},"featured_image_src":"","featured_image_src_square":false,"rbea_author_info":{"display_name":"admin","author_link":"https:\/\/slotsbyenskunst.dk\/index.php\/author\/admin\/"},"rbea_excerpt_info":"Slotsbyens Kunstforening er stiftet af lokale kunstnere og ildsj\u00e6le i Hiller\u00f8d i 2025. Foreningen holder til i Gallery ArtTour p\u00e5 Helsing\u00f8rsgade 29 og arbejder for at udbrede interessen for billedkunst [&hellip;]","ticketed":false,"_links":{"self":[{"href":"https:\/\/slotsbyenskunst.dk\/index.php\/wp-json\/wp\/v2\/pages\/1763","targetHints":{"allow":["GET"]}}],"collection":[{"href":"https:\/\/slotsbyenskunst.dk\/index.php\/wp-json\/wp\/v2\/pages"}],"about":[{"href":"https:\/\/slotsbyenskunst.dk\/index.php\/wp-json\/wp\/v2\/types\/page"}],"author":[{"embeddable":true,"href":"https:\/\/slotsbyenskunst.dk\/index.php\/wp-json\/wp\/v2\/users\/1"}],"replies":[{"embeddable":true,"href":"https:\/\/slotsbyenskunst.dk\/index.php\/wp-json\/wp\/v2\/comments?post=1763"}],"version-history":[{"count":6,"href":"https:\/\/slotsbyenskunst.dk\/index.php\/wp-json\/wp\/v2\/pages\/1763\/revisions"}],"predecessor-version":[{"id":1898,"href":"https:\/\/slotsbyenskunst.dk\/index.php\/wp-json\/wp\/v2\/pages\/1763\/revisions\/1898"}],"wp:attachment":[{"href":"https:\/\/slotsbyenskunst.dk\/index.php\/wp-json\/wp\/v2\/media?parent=1763"}],"curies":[{"name":"wp","href":"https:\/\/api.w.org\/{rel}","templated":true}]}}